{"id":250,"date":"2024-05-13T17:08:09","date_gmt":"2024-05-13T17:08:09","guid":{"rendered":"https:\/\/landing.pomarada.com\/?page_id=250"},"modified":"2024-05-13T17:11:53","modified_gmt":"2024-05-13T17:11:53","slug":"politica-de-cookies","status":"publish","type":"page","link":"https:\/\/pomarada.com\/cat\/politica-de-cookies\/","title":{"rendered":"Pol\u00edtica de Cookies"},"content":{"rendered":"<div data-elementor-type=\"wp-page\" data-elementor-id=\"250\" class=\"elementor elementor-250\" data-elementor-post-type=\"page\">\n\t\t\t\t<div class=\"elementor-element elementor-element-63e7217 e-flex e-con-boxed e-con e-parent\" data-id=\"63e7217\" data-element_type=\"container\" data-e-type=\"container\">\n\t\t\t\t\t<div class=\"e-con-inner\">\n\t\t\t\t\t<\/div>\n\t\t\t\t<\/div>\n\t\t<div class=\"elementor-element elementor-element-50bc000 e-flex e-con-boxed e-con e-parent\" data-id=\"50bc000\" data-element_type=\"container\" data-e-type=\"container\">\n\t\t\t\t\t<div class=\"e-con-inner\">\n\t\t\t\t<div class=\"elementor-element elementor-element-9186cea elementor-widget elementor-widget-text-editor\" data-id=\"9186cea\" data-element_type=\"widget\" data-e-type=\"widget\" data-widget_type=\"text-editor.default\">\n\t\t\t\t<div class=\"elementor-widget-container\">\n\t\t\t\t\t\t\t\t\t<p>PLATAFORMA ALLERANA SA, titular de este Sitio Web www.pomarada.com, utiliza cookies propias y de terceros para distintas finalidades. PLATAFORMA ALLERANA SA recurre al uso de cookies a los efectos de cumplir con las exigencias legales previstas en la Ley 34\/2002, de 11 de julio, de servicios de la sociedad de la informaci\u00f3n y de comercio electr\u00f3nico (LSSI).<\/p><p>La presente Pol\u00edtica de Cookies tiene por objeto informarle de manera clara, precisa y completa sobre las cookies que utilizamos, la informaci\u00f3n que recopilamos a trav\u00e9s de estas y para qu\u00e9 finalidades se utiliza dicha informaci\u00f3n tal y como establece el art\u00edculo 22.2 de la LSSI.<\/p><p><strong>\u00bfQU\u00c9 SON LAS COOKIES Y CU\u00c1L ES SU FINALIDAD?<\/strong><\/p><p>Una \u00abcookie\u00bb es un archivo que se almacena en el ordenador, tablet, smartphone o cualquier otro dispositivo del usuario, con la finalidad de recabar y almacenar informaci\u00f3n acerca del uso, por parte de este \u00faltimo, del Sitio Web (art\u00edculo 22.2 LSSI).<\/p><p><strong>\u00bfQUI\u00c9N ES EL RESPONSABLE?<\/strong><\/p><p>Las cookies utilizadas en la p\u00e1gina web son tratadas por PLATAFORMA ALLERANA SA o terceros con sus finalidades y periodo de conservaci\u00f3n, establecidos en el apartado cuarto de la presente pol\u00edtica de cookies.<\/p><p><strong>\u00bfQU\u00c9 TIPO DE COOKIES EXISTEN?<\/strong><\/p><p>A continuaci\u00f3n, se expone una clasificaci\u00f3n de las cookies que existen y pueden llegar a ser utilizadas en nuestro Sitio Web, teniendo en cuenta que una misma cookie puede estar incluida en m\u00e1s de una categor\u00eda.<br \/>Seg\u00fan la entidad que las gestiona<\/p><p><span style=\"text-decoration: underline;\">Cookies propias:<\/span> aquellas que se env\u00edan a su equipo desde nuestros propios equipos o dominios y desde el que prestamos el servicio que nos solicita.<\/p><p><span style=\"text-decoration: underline;\">Cookies de terceros:<\/span> aquellas que se env\u00edan a su equipo desde un equipo o dominio que no es gestionado por nosotros, sino por otra entidad colaboradora.<\/p><p>Seg\u00fan el plazo de tiempo que permanecen activas<\/p><p><span style=\"text-decoration: underline;\">Cookies de sesi\u00f3n:<\/span> son aquellas dise\u00f1adas para recabar y almacenar datos mientras el usuario accede a una p\u00e1gina web. Se suelen emplear para almacenar informaci\u00f3n que solo interesa conservar para la prestaci\u00f3n del servicio solicitado por el usuario en una sola ocasi\u00f3n (por ejemplo, una lista de productos adquiridos) y desaparecen al terminar la sesi\u00f3n.<\/p><p><span style=\"text-decoration: underline;\">Cookies persistentes:<\/span> son aquellas en las que los datos siguen almacenados en el terminal y pueden ser accedidos y tratados durante un periodo definido por el responsable de la cookie, y que puede ir de unos minutos a varios a\u00f1os.<\/p><p><strong>Seg\u00fan la finalidad<\/strong><\/p><p><span style=\"text-decoration: underline;\">Cookies t\u00e9cnicas:<\/span> son aquellas que permiten la navegaci\u00f3n a trav\u00e9s del Sitio Web, incluyendo aquellas utilizadas para la gesti\u00f3n del Sitio Web y la habilitaci\u00f3n de sus funciones y servicios (p. ej.: controlar el tr\u00e1fico y la comunicaci\u00f3n de datos, identificar la sesi\u00f3n, acceder a partes de acceso restringido, recordar los elementos que integran un pedido, realizar el proceso de compra de un pedido, gestionar el pago, etc.). Estas cookies estar\u00e1n exceptuadas del cumplimiento de las obligaciones establecidas en el art\u00edculo 22.2 de la LSSI cuando permitan prestar el servicio solicitado por el usuario. Sin embargo, si estas cookies se utilizan para finalidades no exentas, quedar\u00e1n sujetas a dichas obligaciones.<\/p><p><span style=\"text-decoration: underline;\">Cookies de personalizaci\u00f3n:<\/span> son aquellas que permiten recordar informaci\u00f3n para que pueda acceder al Sitio Web con determinadas caracter\u00edsticas que pueden diferenciar su experiencia de la de otros usuarios (p.ej.: el idioma, el n\u00famero de resultados a mostrar cuando el usuario realiza una b\u00fasqueda, el aspecto o contenido del servicio en funci\u00f3n del tipo de navegador a trav\u00e9s del cual el usuario accede al servicio o de la regi\u00f3n desde la que accede al servicio, etc.). Si es el propio usuario quien elige esas caracter\u00edsticas (por ejemplo, seleccionando el idioma del sitio web clicando sobre el icono de la bandera que corresponde), las cookies estar\u00e1n exceptuadas de las obligaciones del art\u00edculo 22.2 de la LSSI por considerarse un servicio expresamente solicitado por el usuario, siempre y cuando las cookies obedezcan a la finalidad seleccionada.<\/p><p><span style=\"text-decoration: underline;\">Cookies de an\u00e1lisis o medici\u00f3n:<\/span> son aquellas que permiten al responsable de las mismas el seguimiento y an\u00e1lisis del comportamiento de los usuarios, incluida la cuantificaci\u00f3n de los impactos de los anuncios. La informaci\u00f3n recogida mediante este tipo de cookies se utiliza en la medici\u00f3n de la actividad del Sitio Web con el fin de introducir mejoras en funci\u00f3n del an\u00e1lisis de los datos de uso que hacen los usuarios.<br \/>Cookies de publicidad comportamental: son aquellas que almacenan informaci\u00f3n del comportamiento de los usuarios obtenida a trav\u00e9s de la observaci\u00f3n continuada de sus h\u00e1bitos de navegaci\u00f3n, lo que permite desarrollar un perfil espec\u00edfico para mostrar publicidad en funci\u00f3n del mismo.<\/p><p><strong>\u00bfQU\u00c9 COOKIES UTILIZAMOS EN NUESTRO SITIO WEB?<\/strong><\/p><p>PLATAFORMA ALLERANA SA utiliza las siguientes cookies:<\/p><div id=\"listadodecookies\"><table style=\"border: 1px solid black;\"><tbody><tr align=\"center\"><td style=\"border: 1px solid black;\">Nombre<\/td><td style=\"border: 1px solid black;\">Categoria<\/td><td style=\"border: 1px solid black;\">Descripci\u00f3n<\/td><td style=\"border: 1px solid black;\">Propiedad<\/td><td style=\"border: 1px solid black;\">Duraci\u00f3n<\/td><\/tr><tr id=\"_ga\" align=\"center\"><td style=\"border: 1px solid black;\">_ga<\/td><td style=\"border: 1px solid black;\">An\u00e1lisis<\/td><td style=\"border: 1px solid black;\">Se usa para distinguir a los usuarios.<\/td><td style=\"border: 1px solid black;\">Terceros<\/td><td style=\"border: 1px solid black;\">2 a\u00f1os<\/td><\/tr><\/tbody><\/table><\/div><p><strong>\u00bfDURANTE CU\u00c1NTO TIEMPO CONSERVAREMOS LA INFORMACI\u00d3N?<\/strong><\/p><p>En cumplimiento del art. 13.2 del Reglamento (UE) 2016\/679, mantendremos la informaci\u00f3n recabada a trav\u00e9s de las cookies durante el tiempo imprescindible para cumplir con las finalidades indicadas en cada cookie.<br \/>En relaci\u00f3n con las cookies de terceros, los plazos de conservaci\u00f3n podr\u00e1n ser consultados en sus respectivas Pol\u00edticas de Privacidad y de Cookies que constan en la tabla anterior.<\/p><p><strong>\u00bfC\u00d3MO CONFIGURAR O DESHABILITAR LAS COOKIES?<\/strong><\/p><p>La legitimaci\u00f3n de PLATAFORMA ALLERANA SA para el uso de cookies est\u00e1 basada en el consentimiento expreso que se le solicita, conforme al art\u00edculo 6.1.a) del Reglamento (UE) 2016\/679.<\/p><p>El consentimiento que nos ha prestado es aplicable a las cookies del presente Sitio Web www.pomarada.com y de los sitios web de los terceros con los que colaboramos, especificados en el apartado \u201c\u00bfqu\u00e9 cookies utilizamos en nuestro sitio web?\u201d de la presente Pol\u00edtica.<\/p><p>Recuerde que en cualquier momento puede modificar o retirar su consentimiento a trav\u00e9s del banner situado en la parte inferior de nuestro Sitio Web (Gestiona tu consentimiento).<\/p><p>Puede restringir, bloquear o borrar las cookies instaladas en su equipo mediante la configuraci\u00f3n de las opciones de su navegador de Internet:<\/p><p>Google Chrome: https:\/\/support.google.com\/accounts\/answer\/61416?co=GENIE.Platform=Desktop&amp;hl=es#<br \/>Mozilla Firefox: https:\/\/support.mozilla.org\/es\/kb\/habilitar-y-deshabilitar-cookies-sitios-web-rastrear-preferencias<br \/>Internet Explorer: https:\/\/support.microsoft.com\/es-es\/topic\/eliminar-y-administrar-cookies-168dab11-0753-043d-7c16-ede5947fc64d<br \/>Safari: https:\/\/support.apple.com\/es-es\/guide\/safari\/sfri11471\/mac<\/p><p><strong>INFORMACI\u00d3N ADICIONAL<\/strong><\/p><p>Para todas aquellas cuestiones referidas a la privacidad y protecci\u00f3n de datos, puedes consultar nuestra pol\u00edtica de privacidad.<\/p><p>La presente Pol\u00edtica de Cookies cumple con las directrices establecidas por el Comit\u00e9 Europeo de Protecci\u00f3n de Datos adaptadas a la Gu\u00eda de Cookies de la AEPD, ser\u00e1 objeto de modificaci\u00f3n siempre que resulte necesario a fin de adaptarla a la actualidad legislativa de cada momento o a cualquier variaci\u00f3n en el tipo de cookies utilizadas en el Sitio Web. Por ello, le recomendamos revisar la presente Pol\u00edtica cada vez que acceda a nuestro Sitio Web con el objetivo de mantenerse informado sobre c\u00f3mo y para qu\u00e9 usamos las cookies.<\/p>\t\t\t\t\t\t\t\t<\/div>\n\t\t\t\t<\/div>\n\t\t\t\t\t<\/div>\n\t\t\t\t<\/div>\n\t\t\t\t<\/div>","protected":false},"excerpt":{"rendered":"<p>PLATAFORMA ALLERANA SA, titular de este Sitio Web www.pomarada.com, utiliza cookies propias y de terceros para distintas finalidades. PLATAFORMA ALLERANA SA recurre al uso de cookies a los efectos de cumplir con las exigencias legales previstas en la Ley 34\/2002, de 11 de julio, de servicios de la sociedad de la informaci\u00f3n y de comercio [&hellip;]<\/p>\n","protected":false},"author":1,"featured_media":0,"parent":0,"menu_order":0,"comment_status":"closed","ping_status":"closed","template":"","meta":{"footnotes":""},"class_list":["post-250","page","type-page","status-publish","hentry"],"_links":{"self":[{"href":"https:\/\/pomarada.com\/cat\/wp-json\/wp\/v2\/pages\/250","targetHints":{"allow":["GET"]}}],"collection":[{"href":"https:\/\/pomarada.com\/cat\/wp-json\/wp\/v2\/pages"}],"about":[{"href":"https:\/\/pomarada.com\/cat\/wp-json\/wp\/v2\/types\/page"}],"author":[{"embeddable":true,"href":"https:\/\/pomarada.com\/cat\/wp-json\/wp\/v2\/users\/1"}],"replies":[{"embeddable":true,"href":"https:\/\/pomarada.com\/cat\/wp-json\/wp\/v2\/comments?post=250"}],"version-history":[{"count":7,"href":"https:\/\/pomarada.com\/cat\/wp-json\/wp\/v2\/pages\/250\/revisions"}],"predecessor-version":[{"id":260,"href":"https:\/\/pomarada.com\/cat\/wp-json\/wp\/v2\/pages\/250\/revisions\/260"}],"wp:attachment":[{"href":"https:\/\/pomarada.com\/cat\/wp-json\/wp\/v2\/media?parent=250"}],"curies":[{"name":"wp","href":"https:\/\/api.w.org\/{rel}","templated":true}]}}